{"id":924,"date":"2020-09-28T12:34:54","date_gmt":"2020-09-28T10:34:54","guid":{"rendered":"http:\/\/ic-digital.com\/?page_id=924"},"modified":"2022-11-07T11:50:32","modified_gmt":"2022-11-07T10:50:32","slug":"privacy-policy","status":"publish","type":"page","link":"https:\/\/ic-digital.com\/it\/privacy-policy","title":{"rendered":"Privacy Policy"},"content":{"rendered":"\n<h1 class=\"wp-block-heading\" id=\"privacy-policy\">Privacy Policy<\/h1>\n\n\n\n<p>L\u2019informativa del sito ic-digital.com (qui di seguito \u201cSito\u201d) \u00e8 resa ai sensi dell\u2019art. 13 Reg. UE 2016\/679 (General Data Protection Regulation, GDPR) e dell\u2019art. 13 D.lgs 196\/2003 (Codice Privacy).<\/p>\n\n\n\n<ol class=\"wp-block-list\">\n<li><strong>Titolare del trattamento<\/strong><\/li>\n<\/ol>\n\n\n\n<p>Il Titolare del trattamento \u00e8 IC DIGITAL S.R.L., C.F. e P.IVA 12884390159, REA MI &#8211; 1595252, sede legale in 20121 \u2013 Milano, Corso di Porta Nuova n.11, Tel. +39 02.89.82.941, e-mail <a href=\"mailto:dpo@ic-digital.com\">dpo@ic-digital.com<\/a>, PEC <a href=\"mailto:amministrazione@pec.ic-digital.it\">amministrazione@pec.ic-digital.it<\/a>.<\/p>\n\n\n\n<ol class=\"wp-block-list\" start=\"2\">\n<li><strong>Finalit\u00e0 del trattamento e base giuridica<\/strong><\/li>\n<\/ol>\n\n\n\n<p>I dati personali (qui di seguito anche \u201cDati\u201d) forniti dall\u2019interessato saranno trattati per le seguenti finalit\u00e0, previo specifico consenso:<\/p>\n\n\n\n<ul class=\"wp-block-list\">\n<li>l\u2019adempimenti amministrativi e di legge derivanti dal rapporto instaurato;<\/li>\n\n\n\n<li>il servizio di richiesta di informazioni sulla societ\u00e0;<\/li>\n\n\n\n<li>il servizio di candidatura spontanea;<\/li>\n\n\n\n<li>il servizio di newsletter<\/li>\n\n\n\n<li>analisi statistiche interne;<\/li>\n\n\n\n<li>per l\u2019attivit\u00e0 sociale.<\/li>\n<\/ul>\n\n\n\n<ol class=\"wp-block-list\" start=\"3\">\n<li><strong>Tipi di dati trattati<\/strong><\/li>\n<\/ol>\n\n\n\n<ul class=\"wp-block-list\">\n<li><strong>Dati di navigazione<\/strong><\/li>\n<\/ul>\n\n\n\n<p>In questa categoria di dati rientrano gli indirizzi IP o i nomi a dominio dei computer utilizzati dagli utenti che si connettono al Sito, gli indirizzi delle risorse richieste, l&#8217;orario della richiesta, il metodo utilizzato nel sottoporre la richiesta al server, la dimensione del file ottenuto in risposta, il codice numerico indicante lo stato della risposta data dal server (buon fine, errore, ecc.) ed altri parametri relativi al sistema operativo e all&#8217;ambiente informatico dell&#8217;utente.<\/p>\n\n\n\n<ul class=\"wp-block-list\">\n<li><strong>Dati forniti volontariamente dall\u2019utente<\/strong><\/li>\n<\/ul>\n\n\n\n<p>Sono acquisiti e trattati per le finalit\u00e0 indicate al precedente punto 2 tutti i dati personali forniti tramite la compilazione dei form e l\u2019utilizzo delle interfacce web pubblicati sul Sito.<\/p>\n\n\n\n<p>L\u2019invio facoltativo, esplicito e volontario di posta elettronica agli indirizzi indicati su questo Sito comporta la successiva acquisizione dell\u2019indirizzo del mittente per rispondere alle richieste, nonch\u00e9 degli altri eventuali dati inseriti nel messaggio.<\/p>\n\n\n\n<ol class=\"wp-block-list\" start=\"4\">\n<li><strong>Categorie di destinatari dei dati personali<\/strong><\/li>\n<\/ol>\n\n\n\n<p>I dati saranno trattati da dipendenti e\/o collaboratori del Titolare nominati incaricati autorizzati del trattamento e potranno essere comunicati a societ\u00e0 terze, all\u2019uopo nominate responsabili del trattamento, che forniscono servizi accessori e strumentali all\u2019attivit\u00e0 del Titolare.<\/p>\n\n\n\n<p>In nessun caso i dati saranno oggetto di diffusione.<\/p>\n\n\n\n<ol class=\"wp-block-list\" start=\"5\">\n<li><strong>Tempi di conservazione dei dati<\/strong><\/li>\n<\/ol>\n\n\n\n<p>I dati personali che La riguardano, raccolti attraverso i form del nostro sito, verranno conservati per il tempo necessario a dare riscontro alle Sue richieste.<\/p>\n\n\n\n<p>I dati raccolti attraverso i cookie verranno conservati per il periodo di tempo stabilito dal singolo cookie.<\/p>\n\n\n\n<p>Per maggiori informazioni si rimanda alla cookie policy del Sito.<\/p>\n\n\n\n<ol class=\"wp-block-list\" start=\"6\">\n<li><strong>Natura del conferimento dei dati e conseguenze del rifiuto di rispondere<\/strong><\/li>\n<\/ol>\n\n\n\n<p>Il conferimento dei dati necessari allo svolgimento dei trattamenti elencati al precedente punto 2 \u00e8 facoltativo, ma costituisce condizione necessaria ed indispensabile per la fruizione del\/i servizio\/i: un eventuale rifiuto di fornire i dati determina, quindi, l\u2019impossibilit\u00e0 di eseguire del\/i servizio\/i: richiesto\/i.<\/p>\n\n\n\n<ol class=\"wp-block-list\" start=\"7\">\n<li><strong>Modalit\u00e0 di trattamento<\/strong><\/li>\n<\/ol>\n\n\n\n<p>Il trattamento dei Dati per ciascuna delle finalit\u00e0 di cui sopra \u00e8 effettuato con modalit\u00e0 cartacee, automatizzate o elettroniche e, in particolare, a mezzo posta ordinaria o e-mail, telefono (es. chiamate), fax e qualsiasi altro canale informatico (es. siti web, mobile, app) idonei a garantire la sicurezza e la riservatezza secondo la c.d. data protection by default ossia l\u2019applicazione di misure atte a ridurre al minimo i rischi di diffusione di dati.<\/p>\n\n\n\n<ol class=\"wp-block-list\" start=\"8\">\n<li><strong>Diritti dell\u2019interessato<\/strong><\/li>\n<\/ol>\n\n\n\n<p>All\u2019interessato sono riconosciuti i seguenti diritti:<\/p>\n\n\n\n<ul class=\"wp-block-list\">\n<li>diritto di accesso, ossia il diritto di ottenere dalla Societ\u00e0 la conferma che sia o meno in corso il trattamento dei Dati e, in tal caso, di ottenerne l&#8217;accesso;<\/li>\n\n\n\n<li>diritto di rettifica e cancellazione, ossia il diritto di ottenere la rettifica di Dati inesatti e\/o l&#8217;integrazione di Dati incompleti o la cancellazione dei Dati;<\/li>\n\n\n\n<li>diritto alla limitazione del trattamento, ossia il diritto a richiedere la sospensione del trattamento;<\/li>\n\n\n\n<li>diritto alla portabilit\u00e0 dei dati, ossia il diritto di ricevere in un formato strutturato, di uso comune e leggibile i Dati, nonch\u00e9 il diritto di trasmettere i Dati ad un altro titolare del trattamento;<\/li>\n\n\n\n<li>diritto di opposizione, ossia il diritto opporsi al trattamento dei, ivi compresi i trattamenti di Dati per finalit\u00e0 di marketing e profilazione, se previsti;<\/li>\n\n\n\n<li>diritto di rivolgersi all&#8217;autorit\u00e0 per la protezione dei dati competente o di agire in sede giudiziaria in caso di trattamento illecito dei Dati.<\/li>\n<\/ul>\n\n\n\n<ol class=\"wp-block-list\" start=\"9\">\n<li><strong>Modalit\u00e0 di esercizio dei diritti<\/strong><\/li>\n<\/ol>\n\n\n\n<p>Lei potr\u00e0 esercitare tali diritti mediante il semplice invio di:<\/p>\n\n\n\n<ul class=\"wp-block-list\">\n<li>una raccomandata A\/R a IC DIGITAL SRL, 20129 \u2013 Milano, Via degli Scipioni n.1<\/li>\n<\/ul>\n\n\n\n<p><em>ovvero<\/em><\/p>\n\n\n\n<ul class=\"wp-block-list\">\n<li>una e-mail all\u2019indirizzo <a href=\"mailto:dpo@ic-digital.com\">dpo@ic-digital.com<\/a><\/li>\n<\/ul>\n\n\n\n<p>Il Titolare del trattamento avr\u00e0 cura di tenere aggiornata la presente informativa.<\/p>\n","protected":false},"excerpt":{"rendered":"<p>Privacy Policy L\u2019informativa del sito ic-digital.com (qui di seguito \u201cSito\u201d) \u00e8 resa ai sensi dell\u2019art. 13 Reg. UE 2016\/679 (General Data Protection Regulation, GDPR) e dell\u2019art. 13 D.lgs 196\/2003 (Codice Privacy). Il Titolare del trattamento \u00e8 IC DIGITAL S.R.L., C.F. e P.IVA 12884390159, REA MI &#8211; 1595252, sede legale in 20121 \u2013 Milano, Corso di&#8230;<\/p>\n","protected":false},"author":1,"featured_media":0,"parent":0,"menu_order":0,"comment_status":"closed","ping_status":"closed","template":"","meta":{"_acf_changed":false,"inline_featured_image":false,"footnotes":""},"class_list":["post-924","page","type-page","status-publish","hentry"],"acf":[],"yoast_head":"<!-- This site is optimized with the Yoast SEO plugin v26.2 - https:\/\/yoast.com\/wordpress\/plugins\/seo\/ -->\n<title>Privacy Policy - IC DIGITAL<\/title>\n<meta name=\"robots\" content=\"index, follow, max-snippet:-1, max-image-preview:large, max-video-preview:-1\" \/>\n<link rel=\"canonical\" href=\"https:\/\/ic-digital.com\/it\/privacy-policy\" \/>\n<meta property=\"og:locale\" content=\"it_IT\" \/>\n<meta property=\"og:type\" content=\"article\" \/>\n<meta property=\"og:title\" content=\"Privacy Policy - IC DIGITAL\" \/>\n<meta property=\"og:description\" content=\"Privacy Policy L\u2019informativa del sito ic-digital.com (qui di seguito \u201cSito\u201d) \u00e8 resa ai sensi dell\u2019art. 13 Reg. UE 2016\/679 (General Data Protection Regulation, GDPR) e dell\u2019art. 13 D.lgs 196\/2003 (Codice Privacy). Il Titolare del trattamento \u00e8 IC DIGITAL S.R.L., C.F. e P.IVA 12884390159, REA MI &#8211; 1595252, sede legale in 20121 \u2013 Milano, Corso di...\" \/>\n<meta property=\"og:url\" content=\"https:\/\/ic-digital.com\/it\/privacy-policy\" \/>\n<meta property=\"og:site_name\" content=\"IC Digital\" \/>\n<meta property=\"article:modified_time\" content=\"2022-11-07T10:50:32+00:00\" \/>\n<meta name=\"twitter:card\" content=\"summary_large_image\" \/>\n<meta name=\"twitter:label1\" content=\"Tempo di lettura stimato\" \/>\n\t<meta name=\"twitter:data1\" content=\"4 minuti\" \/>\n<script type=\"application\/ld+json\" class=\"yoast-schema-graph\">{\"@context\":\"https:\/\/schema.org\",\"@graph\":[{\"@type\":\"WebPage\",\"@id\":\"https:\/\/ic-digital.com\/it\/privacy-policy\",\"url\":\"https:\/\/ic-digital.com\/it\/privacy-policy\",\"name\":\"Privacy Policy - IC DIGITAL\",\"isPartOf\":{\"@id\":\"https:\/\/lightcoral-quail-812349.hostingersite.com\/it\/#website\"},\"datePublished\":\"2020-09-28T10:34:54+00:00\",\"dateModified\":\"2022-11-07T10:50:32+00:00\",\"breadcrumb\":{\"@id\":\"https:\/\/ic-digital.com\/it\/privacy-policy#breadcrumb\"},\"inLanguage\":\"it-IT\",\"potentialAction\":[{\"@type\":\"ReadAction\",\"target\":[\"https:\/\/ic-digital.com\/it\/privacy-policy\"]}]},{\"@type\":\"BreadcrumbList\",\"@id\":\"https:\/\/ic-digital.com\/it\/privacy-policy#breadcrumb\",\"itemListElement\":[{\"@type\":\"ListItem\",\"position\":1,\"name\":\"Home\",\"item\":\"https:\/\/lightcoral-quail-812349.hostingersite.com\/it\"},{\"@type\":\"ListItem\",\"position\":2,\"name\":\"Privacy Policy\"}]},{\"@type\":\"WebSite\",\"@id\":\"https:\/\/lightcoral-quail-812349.hostingersite.com\/it\/#website\",\"url\":\"https:\/\/lightcoral-quail-812349.hostingersite.com\/it\/\",\"name\":\"IC Digital\",\"description\":\"Imagine, Change.\",\"potentialAction\":[{\"@type\":\"SearchAction\",\"target\":{\"@type\":\"EntryPoint\",\"urlTemplate\":\"https:\/\/lightcoral-quail-812349.hostingersite.com\/it\/?s={search_term_string}\"},\"query-input\":{\"@type\":\"PropertyValueSpecification\",\"valueRequired\":true,\"valueName\":\"search_term_string\"}}],\"inLanguage\":\"it-IT\"}]}<\/script>\n<!-- \/ Yoast SEO plugin. -->","yoast_head_json":{"title":"Privacy Policy - IC DIGITAL","robots":{"index":"index","follow":"follow","max-snippet":"max-snippet:-1","max-image-preview":"max-image-preview:large","max-video-preview":"max-video-preview:-1"},"canonical":"https:\/\/ic-digital.com\/it\/privacy-policy","og_locale":"it_IT","og_type":"article","og_title":"Privacy Policy - IC DIGITAL","og_description":"Privacy Policy L\u2019informativa del sito ic-digital.com (qui di seguito \u201cSito\u201d) \u00e8 resa ai sensi dell\u2019art. 13 Reg. UE 2016\/679 (General Data Protection Regulation, GDPR) e dell\u2019art. 13 D.lgs 196\/2003 (Codice Privacy). Il Titolare del trattamento \u00e8 IC DIGITAL S.R.L., C.F. e P.IVA 12884390159, REA MI &#8211; 1595252, sede legale in 20121 \u2013 Milano, Corso di...","og_url":"https:\/\/ic-digital.com\/it\/privacy-policy","og_site_name":"IC Digital","article_modified_time":"2022-11-07T10:50:32+00:00","twitter_card":"summary_large_image","twitter_misc":{"Tempo di lettura stimato":"4 minuti"},"schema":{"@context":"https:\/\/schema.org","@graph":[{"@type":"WebPage","@id":"https:\/\/ic-digital.com\/it\/privacy-policy","url":"https:\/\/ic-digital.com\/it\/privacy-policy","name":"Privacy Policy - IC DIGITAL","isPartOf":{"@id":"https:\/\/lightcoral-quail-812349.hostingersite.com\/it\/#website"},"datePublished":"2020-09-28T10:34:54+00:00","dateModified":"2022-11-07T10:50:32+00:00","breadcrumb":{"@id":"https:\/\/ic-digital.com\/it\/privacy-policy#breadcrumb"},"inLanguage":"it-IT","potentialAction":[{"@type":"ReadAction","target":["https:\/\/ic-digital.com\/it\/privacy-policy"]}]},{"@type":"BreadcrumbList","@id":"https:\/\/ic-digital.com\/it\/privacy-policy#breadcrumb","itemListElement":[{"@type":"ListItem","position":1,"name":"Home","item":"https:\/\/lightcoral-quail-812349.hostingersite.com\/it"},{"@type":"ListItem","position":2,"name":"Privacy Policy"}]},{"@type":"WebSite","@id":"https:\/\/lightcoral-quail-812349.hostingersite.com\/it\/#website","url":"https:\/\/lightcoral-quail-812349.hostingersite.com\/it\/","name":"IC Digital","description":"Imagine, Change.","potentialAction":[{"@type":"SearchAction","target":{"@type":"EntryPoint","urlTemplate":"https:\/\/lightcoral-quail-812349.hostingersite.com\/it\/?s={search_term_string}"},"query-input":{"@type":"PropertyValueSpecification","valueRequired":true,"valueName":"search_term_string"}}],"inLanguage":"it-IT"}]}},"_links":{"self":[{"href":"https:\/\/ic-digital.com\/it\/wp-json\/wp\/v2\/pages\/924","targetHints":{"allow":["GET"]}}],"collection":[{"href":"https:\/\/ic-digital.com\/it\/wp-json\/wp\/v2\/pages"}],"about":[{"href":"https:\/\/ic-digital.com\/it\/wp-json\/wp\/v2\/types\/page"}],"author":[{"embeddable":true,"href":"https:\/\/ic-digital.com\/it\/wp-json\/wp\/v2\/users\/1"}],"replies":[{"embeddable":true,"href":"https:\/\/ic-digital.com\/it\/wp-json\/wp\/v2\/comments?post=924"}],"version-history":[{"count":5,"href":"https:\/\/ic-digital.com\/it\/wp-json\/wp\/v2\/pages\/924\/revisions"}],"predecessor-version":[{"id":2834,"href":"https:\/\/ic-digital.com\/it\/wp-json\/wp\/v2\/pages\/924\/revisions\/2834"}],"wp:attachment":[{"href":"https:\/\/ic-digital.com\/it\/wp-json\/wp\/v2\/media?parent=924"}],"curies":[{"name":"wp","href":"https:\/\/api.w.org\/{rel}","templated":true}]}}